{"id":50,"date":"2023-10-24T13:35:36","date_gmt":"2023-10-24T11:35:36","guid":{"rendered":"http:\/\/przedszkoleclever.edu.pl\/?page_id=50"},"modified":"2024-08-01T11:04:32","modified_gmt":"2024-08-01T09:04:32","slug":"zapisy","status":"publish","type":"page","link":"https:\/\/przedszkoleclever.edu.pl\/?page_id=50","title":{"rendered":"Zapisy"},"content":{"rendered":"\n<div style=\"height:35px\" aria-hidden=\"true\" class=\"wp-block-spacer\"><\/div>\n\n\n\n<h1 class=\"wp-block-heading alignfull has-text-align-center has-white-color has-pale-cyan-blue-background-color has-text-color has-background has-link-color wp-elements-7456baf376a78d0cc10025d8e54d60df\">Jeste\u015b zainteresowany zapisaniem swojego dziecka do naszego przedszkola?<br><br>Napisz na <a href=\"mailto:sekretariat@szkolaclever.pl\">sekretariat@szkolaclever.pl<\/a> lub zadzwo\u0144 do nas 786 458 261<\/h1>\n\n\n\n<div style=\"height:59px\" aria-hidden=\"true\" class=\"wp-block-spacer\"><\/div>\n\n\n\n<p><strong>OFERTA:<\/strong><\/p>\n\n\n\n<ul class=\"wp-block-list\">\n<li>ma\u0142e zespo\u0142y klasowe \u2013 do 20 os\u00f3b,<\/li>\n\n\n\n<li>wysoki poziom bezpiecze\u0144stwa w przedszkolu,<\/li>\n\n\n\n<li>indywidualizowanie i dostosowanie, wymaga\u0144 do mo\u017cliwo\u015bci dziecka,<\/li>\n\n\n\n<li>kameralne wn\u0119trza (w tym kuchnia dla przedszkolak\u00f3w) i nowoczesne pomoce dydaktyczne,<\/li>\n\n\n\n<li>pomoc psychologiczna i logopedyczna,<\/li>\n\n\n\n<li>opieka do 16.30,<\/li>\n\n\n\n<li>organizacja uroczysto\u015bci i imprez przedszkolnych.<\/li>\n<\/ul>\n\n\n\n<p><strong>PONADTO:<\/strong><\/p>\n\n\n\n<ul class=\"wp-block-list\">\n<li>wysoki poziom przygotowania dziecka do podj\u0119cia nauki w szkole,<\/li>\n\n\n\n<li>nauk\u0119 poprzez zabaw\u0119 dw\u00f3ch j\u0119zyk\u00f3w obcych: angielskiego i niemieckiego \u2013<br>2 razy w tygodniu ka\u017cdy,<\/li>\n\n\n\n<li>zaj\u0119cia taneczne i zaj\u0119cia og\u00f3lnorozwojowe z wykorzystaniem m.in. kinezjologii edukacyjnej, metod ruchu rozwijaj\u0105cego Weroniki Sherborne,<\/li>\n\n\n\n<li>poranki muzyczne prowadzone przez muzyk\u00f3w ze Szko\u0142y Muzycznej Clever,<\/li>\n\n\n\n<li>wspomaganie rozwoju spo\u0142ecznego<br>i emocjonalnego dziecka, aby mog\u0142o podj\u0105\u0107 z sukcesem nauk\u0119 w klasie I,<\/li>\n\n\n\n<li>wspieranie rozwoju uzdolnie\u0144 od najwcze\u015bniejszych etap\u00f3w kszta\u0142cenia.<\/li>\n<\/ul>\n\n\n\n<div style=\"height:38px\" aria-hidden=\"true\" class=\"wp-block-spacer\"><\/div>\n\n\n\n<div class=\"wp-block-columns is-layout-flex wp-container-core-columns-is-layout-9d6595d7 wp-block-columns-is-layout-flex\">\n<div class=\"wp-block-column is-layout-flow wp-block-column-is-layout-flow\">\n<div class=\"wp-block-buttons is-layout-flex wp-block-buttons-is-layout-flex\">\n<div class=\"wp-block-button has-custom-width wp-block-button__width-75 is-style-fill\"><a class=\"wp-block-button__link wp-element-button\" href=\"https:\/\/przedszkoleclever.edu.pl\/wp-content\/uploads\/2024\/07\/Regulamin-rekrutacji-przedszkola-.pdf\" target=\"_blank\" rel=\"noreferrer noopener\">Regulamin Rekrutacji Do Przedszkola<\/a><\/div>\n<\/div>\n<\/div>\n\n\n\n<div class=\"wp-block-column is-layout-flow wp-block-column-is-layout-flow\">\n<div class=\"wp-block-buttons is-content-justification-right is-layout-flex wp-container-core-buttons-is-layout-765c4724 wp-block-buttons-is-layout-flex\">\n<div class=\"wp-block-button has-custom-width wp-block-button__width-75\"><a class=\"wp-block-button__link wp-element-button\" href=\"https:\/\/przedszkoleclever.edu.pl\/wp-content\/uploads\/2024\/05\/Karta-zgloszenia-do-przedszkola-Clever-Garden.pdf\" target=\"_blank\" rel=\"noreferrer noopener\">Karta Zg\u0142oszenia Do Przedszkola<\/a><\/div>\n<\/div>\n<\/div>\n<\/div>\n\n\n\n<div style=\"height:25px\" aria-hidden=\"true\" class=\"wp-block-spacer\"><\/div>\n\n\n\n<h2 class=\"wp-block-heading alignfull has-text-align-center has-white-color has-pale-cyan-blue-background-color has-text-color has-background has-link-color has-medium-font-size wp-elements-c926af320f488b9549e16695076d7ca1\">OBOWI\u0104ZUJE SK\u0141ADANIE PODA\u0143 W SEKRETARIACIE PRZEDSZKOLA. <br>NIE PODLEGAMY ELEKTRONICZNEMU SYSTEMOWI REKRUTACJI!<\/h2>\n","protected":false},"excerpt":{"rendered":"<p>Jeste\u015b zainteresowany zapisaniem swojego dziecka do naszego przedszkola? Napisz na sekretariat@szkolaclever.pl lub zadzwo\u0144 do nas 786 458 261 OFERTA: PONADTO: OBOWI\u0104ZUJE SK\u0141ADANIE PODA\u0143 W SEKRETARIACIE PRZEDSZKOLA. NIE PODLEGAMY ELEKTRONICZNEMU SYSTEMOWI REKRUTACJI!<\/p>\n","protected":false},"author":1,"featured_media":0,"parent":0,"menu_order":0,"comment_status":"closed","ping_status":"closed","template":"","meta":{"ub_ctt_via":"","ocean_post_layout":"","ocean_both_sidebars_style":"","ocean_both_sidebars_content_width":0,"ocean_both_sidebars_sidebars_width":0,"ocean_sidebar":"","ocean_second_sidebar":"","ocean_disable_margins":"enable","ocean_add_body_class":"","ocean_shortcode_before_top_bar":"","ocean_shortcode_after_top_bar":"","ocean_shortcode_before_header":"","ocean_shortcode_after_header":"","ocean_has_shortcode":"","ocean_shortcode_after_title":"","ocean_shortcode_before_footer_widgets":"","ocean_shortcode_after_footer_widgets":"","ocean_shortcode_before_footer_bottom":"","ocean_shortcode_after_footer_bottom":"","ocean_display_top_bar":"default","ocean_display_header":"default","ocean_header_style":"","ocean_center_header_left_menu":"","ocean_custom_header_template":"","ocean_custom_logo":0,"ocean_custom_retina_logo":0,"ocean_custom_logo_max_width":0,"ocean_custom_logo_tablet_max_width":0,"ocean_custom_logo_mobile_max_width":0,"ocean_custom_logo_max_height":0,"ocean_custom_logo_tablet_max_height":0,"ocean_custom_logo_mobile_max_height":0,"ocean_header_custom_menu":"","ocean_menu_typo_font_family":"","ocean_menu_typo_font_subset":"","ocean_menu_typo_font_size":0,"ocean_menu_typo_font_size_tablet":0,"ocean_menu_typo_font_size_mobile":0,"ocean_menu_typo_font_size_unit":"px","ocean_menu_typo_font_weight":"","ocean_menu_typo_font_weight_tablet":"","ocean_menu_typo_font_weight_mobile":"","ocean_menu_typo_transform":"","ocean_menu_typo_transform_tablet":"","ocean_menu_typo_transform_mobile":"","ocean_menu_typo_line_height":0,"ocean_menu_typo_line_height_tablet":0,"ocean_menu_typo_line_height_mobile":0,"ocean_menu_typo_line_height_unit":"","ocean_menu_typo_spacing":0,"ocean_menu_typo_spacing_tablet":0,"ocean_menu_typo_spacing_mobile":0,"ocean_menu_typo_spacing_unit":"","ocean_menu_link_color":"","ocean_menu_link_color_hover":"","ocean_menu_link_color_active":"","ocean_menu_link_background":"","ocean_menu_link_hover_background":"","ocean_menu_link_active_background":"","ocean_menu_social_links_bg":"","ocean_menu_social_hover_links_bg":"","ocean_menu_social_links_color":"","ocean_menu_social_hover_links_color":"","ocean_disable_title":"default","ocean_disable_heading":"default","ocean_post_title":"","ocean_post_subheading":"","ocean_post_title_style":"","ocean_post_title_background_color":"","ocean_post_title_background":0,"ocean_post_title_bg_image_position":"","ocean_post_title_bg_image_attachment":"","ocean_post_title_bg_image_repeat":"","ocean_post_title_bg_image_size":"","ocean_post_title_height":0,"ocean_post_title_bg_overlay":0.5,"ocean_post_title_bg_overlay_color":"","ocean_disable_breadcrumbs":"default","ocean_breadcrumbs_color":"","ocean_breadcrumbs_separator_color":"","ocean_breadcrumbs_links_color":"","ocean_breadcrumbs_links_hover_color":"","ocean_display_footer_widgets":"default","ocean_display_footer_bottom":"default","ocean_custom_footer_template":"","footnotes":""},"class_list":["post-50","page","type-page","status-publish","hentry","entry"],"featured_image_src":null,"_links":{"self":[{"href":"https:\/\/przedszkoleclever.edu.pl\/index.php?rest_route=\/wp\/v2\/pages\/50","targetHints":{"allow":["GET"]}}],"collection":[{"href":"https:\/\/przedszkoleclever.edu.pl\/index.php?rest_route=\/wp\/v2\/pages"}],"about":[{"href":"https:\/\/przedszkoleclever.edu.pl\/index.php?rest_route=\/wp\/v2\/types\/page"}],"author":[{"embeddable":true,"href":"https:\/\/przedszkoleclever.edu.pl\/index.php?rest_route=\/wp\/v2\/users\/1"}],"replies":[{"embeddable":true,"href":"https:\/\/przedszkoleclever.edu.pl\/index.php?rest_route=%2Fwp%2Fv2%2Fcomments&post=50"}],"version-history":[{"count":11,"href":"https:\/\/przedszkoleclever.edu.pl\/index.php?rest_route=\/wp\/v2\/pages\/50\/revisions"}],"predecessor-version":[{"id":276,"href":"https:\/\/przedszkoleclever.edu.pl\/index.php?rest_route=\/wp\/v2\/pages\/50\/revisions\/276"}],"wp:attachment":[{"href":"https:\/\/przedszkoleclever.edu.pl\/index.php?rest_route=%2Fwp%2Fv2%2Fmedia&parent=50"}],"curies":[{"name":"wp","href":"https:\/\/api.w.org\/{rel}","templated":true}]}}