{"id":48,"date":"2023-10-24T13:34:50","date_gmt":"2023-10-24T11:34:50","guid":{"rendered":"http:\/\/przedszkoleclever.edu.pl\/?page_id=48"},"modified":"2024-08-01T11:03:17","modified_gmt":"2024-08-01T09:03:17","slug":"oferta","status":"publish","type":"page","link":"https:\/\/przedszkoleclever.edu.pl\/?page_id=48","title":{"rendered":"Oferta"},"content":{"rendered":"\n<div style=\"height:34px\" aria-hidden=\"true\" class=\"wp-block-spacer\"><\/div>\n\n\n\n<h1 class=\"wp-block-heading alignfull has-text-align-center has-white-color has-pale-cyan-blue-background-color has-text-color has-background has-link-color wp-elements-abd3f14349aca6fe050eba58daffcb80\" style=\"font-size:27px;font-style:italic;font-weight:500\">Chcesz zapewni\u0107 swojemu dziecku bezpieczne warunki nauki w przedszkolu?<br><br>Chcesz, by zosta\u0142o dobrze przygotowane do kontynuowania nauki w szkole podstawowej?<br><br>NASZA PLAC\u00d3WKA SPE\u0141NI TWOJE OCZEKIWANIA<\/h1>\n\n\n\n<div style=\"height:100px\" aria-hidden=\"true\" class=\"wp-block-spacer\"><\/div>\n\n\n\n<div class=\"wp-block-columns alignwide is-layout-flex wp-container-core-columns-is-layout-9d6595d7 wp-block-columns-is-layout-flex\">\n<div class=\"wp-block-column is-layout-flow wp-block-column-is-layout-flow\" style=\"flex-basis:66.66%\">\n<p><strong>OFERUJEMY DOBRE WARUNKI NAUKI:<\/strong><\/p>\n\n\n\n<ul class=\"wp-block-list\">\n<li><strong>ma\u0142e zespo\u0142y klasowe<\/strong>&nbsp;\u2013 do 20 os\u00f3b,<\/li>\n\n\n\n<li><strong>wysoki poziom bezpiecze\u0144stwa<\/strong>,<\/li>\n\n\n\n<li><strong>indywidualizowanie i dostosowanie wymaga\u0144<\/strong>&nbsp;do mo\u017cliwo\u015bci uczni\u00f3w,<\/li>\n\n\n\n<li><strong>Pi\u0119kny nowoczesny budynek <\/strong>w spokojnej okolicy,<\/li>\n\n\n\n<li><strong>Du\u017cy zielony ogr\u00f3d<\/strong>.<\/li>\n<\/ul>\n\n\n\n<p><strong>ZAPEWNIAMY SZEROK\u0104 OFERT\u0118 DYDAKTYCZN\u0104:<\/strong><\/p>\n\n\n\n<ul class=\"wp-block-list\">\n<li><strong>wysoki poziom<\/strong>&nbsp;przygotowania dziecka do podj\u0119cia nauki w szkole,<\/li>\n\n\n\n<li>nauk\u0119 poprzez zabaw\u0119&nbsp;<strong>dw\u00f3ch j\u0119zyk\u00f3w obcych<\/strong>: angielskiego i niemieckiego \u2013 2 razy w tygodniu ka\u017cdy,<\/li>\n\n\n\n<li>nowoczesne metody nauczania,<\/li>\n\n\n\n<li>zaj\u0119cia&nbsp;&nbsp;<strong>taneczne<\/strong>&nbsp;i zaj\u0119cia og\u00f3lnorozwojowe z wykorzystaniem m.in.&nbsp;<strong>kinezjologii edukacyjnej, metod ruchu rozwijaj\u0105cego Weroniki Sherborne<\/strong>,<\/li>\n\n\n\n<li>wspomaganie&nbsp;<strong>rozwoju spo\u0142ecznego i emocjonalnego<\/strong>&nbsp;dziecka, aby mog\u0142o podj\u0105\u0107 z sukcesem nauk\u0119 w klasie I,<\/li>\n\n\n\n<li>wspieranie&nbsp;<strong>rozwoju uzdolnie\u0144<\/strong>&nbsp;od najwcze\u015bniejszych etap\u00f3w kszta\u0142cenia.<\/li>\n\n\n\n<li><strong>poranki muzyczne<\/strong>,<\/li>\n\n\n\n<li>zaj\u0119cia <strong>szachowe<\/strong>,<\/li>\n\n\n\n<li><strong>zaj\u0119cia z rytmiki, logorytmiki oraz sensoryki<\/strong>.<\/li>\n<\/ul>\n\n\n\n<p><strong>PONADTO:<\/strong><\/p>\n\n\n\n<ul class=\"wp-block-list\">\n<li>kameralne wn\u0119trza i nowoczesne pomoce dydaktyczne,\u00a0<\/li>\n\n\n\n<li>pomoc&nbsp;<strong>psychologa i logopedy<\/strong>,<\/li>\n\n\n\n<li><strong>opiek\u0119 do 16.30<\/strong>,<\/li>\n\n\n\n<li>organizacj\u0119 uroczysto\u015bci i imprez przedszkolnych.<\/li>\n<\/ul>\n\n\n\n<p>Bli\u017cszych informacji na temat szko\u0142y oraz wysoko\u015bci czesnego udziela sekretariat:<\/p>\n\n\n\n<h2 class=\"wp-block-heading\"><strong>e-mail: sekretariat@szkolaclever.pl<\/strong> <strong>tel. 786 458 261<\/strong><\/h2>\n<\/div>\n<\/div>\n\n\n\n<div style=\"height:46px\" aria-hidden=\"true\" class=\"wp-block-spacer\"><\/div>\n\n\n\n<h1 class=\"wp-block-heading has-text-align-center\">Jeste\u015bmy czynni CA\u0141Y rok (r\u00f3wnie\u017c w WAKACJE)<\/h1>\n\n\n\n<div style=\"height:50px\" aria-hidden=\"true\" class=\"wp-block-spacer\"><\/div>\n\n\n\n<figure class=\"wp-block-gallery has-nested-images columns-default is-cropped wp-block-gallery-1 is-layout-flex wp-block-gallery-is-layout-flex\">\n<figure class=\"wp-block-image size-large\"><img loading=\"lazy\" decoding=\"async\" width=\"1024\" height=\"533\" data-id=\"95\" src=\"https:\/\/przedszkoleclever.edu.pl\/wp-content\/uploads\/2024\/04\/Przedszkole-Clever-BUDYNEK-1-1024x533.jpg\" alt=\"\" class=\"wp-image-95\" srcset=\"https:\/\/przedszkoleclever.edu.pl\/wp-content\/uploads\/2024\/04\/Przedszkole-Clever-BUDYNEK-1-1024x533.jpg 1024w, https:\/\/przedszkoleclever.edu.pl\/wp-content\/uploads\/2024\/04\/Przedszkole-Clever-BUDYNEK-1-300x156.jpg 300w, https:\/\/przedszkoleclever.edu.pl\/wp-content\/uploads\/2024\/04\/Przedszkole-Clever-BUDYNEK-1-768x400.jpg 768w, https:\/\/przedszkoleclever.edu.pl\/wp-content\/uploads\/2024\/04\/Przedszkole-Clever-BUDYNEK-1-1536x800.jpg 1536w, https:\/\/przedszkoleclever.edu.pl\/wp-content\/uploads\/2024\/04\/Przedszkole-Clever-BUDYNEK-1.jpg 1600w\" sizes=\"auto, (max-width: 1024px) 100vw, 1024px\" \/><\/figure>\n\n\n\n<figure class=\"wp-block-image size-large\"><img loading=\"lazy\" decoding=\"async\" width=\"1024\" height=\"768\" data-id=\"151\" src=\"https:\/\/przedszkoleclever.edu.pl\/wp-content\/uploads\/2024\/04\/Przedszkole-05-1024x768.jpg\" alt=\"\" class=\"wp-image-151\" srcset=\"https:\/\/przedszkoleclever.edu.pl\/wp-content\/uploads\/2024\/04\/Przedszkole-05-1024x768.jpg 1024w, https:\/\/przedszkoleclever.edu.pl\/wp-content\/uploads\/2024\/04\/Przedszkole-05-300x225.jpg 300w, https:\/\/przedszkoleclever.edu.pl\/wp-content\/uploads\/2024\/04\/Przedszkole-05-768x576.jpg 768w, https:\/\/przedszkoleclever.edu.pl\/wp-content\/uploads\/2024\/04\/Przedszkole-05-1536x1152.jpg 1536w, https:\/\/przedszkoleclever.edu.pl\/wp-content\/uploads\/2024\/04\/Przedszkole-05.jpg 1600w\" sizes=\"auto, (max-width: 1024px) 100vw, 1024px\" \/><\/figure>\n\n\n\n<figure class=\"wp-block-image size-large\"><img loading=\"lazy\" decoding=\"async\" width=\"1024\" height=\"768\" data-id=\"147\" src=\"https:\/\/przedszkoleclever.edu.pl\/wp-content\/uploads\/2024\/04\/Przedszkole-02-1024x768.jpg\" alt=\"\" class=\"wp-image-147\" srcset=\"https:\/\/przedszkoleclever.edu.pl\/wp-content\/uploads\/2024\/04\/Przedszkole-02-1024x768.jpg 1024w, https:\/\/przedszkoleclever.edu.pl\/wp-content\/uploads\/2024\/04\/Przedszkole-02-300x225.jpg 300w, https:\/\/przedszkoleclever.edu.pl\/wp-content\/uploads\/2024\/04\/Przedszkole-02-768x576.jpg 768w, https:\/\/przedszkoleclever.edu.pl\/wp-content\/uploads\/2024\/04\/Przedszkole-02-1536x1152.jpg 1536w, https:\/\/przedszkoleclever.edu.pl\/wp-content\/uploads\/2024\/04\/Przedszkole-02.jpg 1600w\" sizes=\"auto, (max-width: 1024px) 100vw, 1024px\" \/><\/figure>\n\n\n\n<figure class=\"wp-block-image size-large\"><img loading=\"lazy\" decoding=\"async\" width=\"1024\" height=\"768\" data-id=\"148\" src=\"https:\/\/przedszkoleclever.edu.pl\/wp-content\/uploads\/2024\/04\/Przedszkole-01-1024x768.jpg\" alt=\"\" class=\"wp-image-148\" srcset=\"https:\/\/przedszkoleclever.edu.pl\/wp-content\/uploads\/2024\/04\/Przedszkole-01-1024x768.jpg 1024w, https:\/\/przedszkoleclever.edu.pl\/wp-content\/uploads\/2024\/04\/Przedszkole-01-300x225.jpg 300w, https:\/\/przedszkoleclever.edu.pl\/wp-content\/uploads\/2024\/04\/Przedszkole-01-768x576.jpg 768w, https:\/\/przedszkoleclever.edu.pl\/wp-content\/uploads\/2024\/04\/Przedszkole-01-1536x1152.jpg 1536w, https:\/\/przedszkoleclever.edu.pl\/wp-content\/uploads\/2024\/04\/Przedszkole-01.jpg 1600w\" sizes=\"auto, (max-width: 1024px) 100vw, 1024px\" \/><\/figure>\n\n\n\n<figure class=\"wp-block-image size-large\"><img loading=\"lazy\" decoding=\"async\" width=\"1024\" height=\"768\" data-id=\"149\" src=\"https:\/\/przedszkoleclever.edu.pl\/wp-content\/uploads\/2024\/04\/Przedszkole-04-1024x768.jpg\" alt=\"\" class=\"wp-image-149\" srcset=\"https:\/\/przedszkoleclever.edu.pl\/wp-content\/uploads\/2024\/04\/Przedszkole-04-1024x768.jpg 1024w, https:\/\/przedszkoleclever.edu.pl\/wp-content\/uploads\/2024\/04\/Przedszkole-04-300x225.jpg 300w, https:\/\/przedszkoleclever.edu.pl\/wp-content\/uploads\/2024\/04\/Przedszkole-04-768x576.jpg 768w, https:\/\/przedszkoleclever.edu.pl\/wp-content\/uploads\/2024\/04\/Przedszkole-04-1536x1152.jpg 1536w, https:\/\/przedszkoleclever.edu.pl\/wp-content\/uploads\/2024\/04\/Przedszkole-04.jpg 1600w\" sizes=\"auto, (max-width: 1024px) 100vw, 1024px\" \/><\/figure>\n\n\n\n<figure class=\"wp-block-image size-large\"><img loading=\"lazy\" decoding=\"async\" width=\"1024\" height=\"576\" data-id=\"228\" src=\"https:\/\/przedszkoleclever.edu.pl\/wp-content\/uploads\/2024\/07\/Clever-Garden_1.1.1-1024x576.jpg\" alt=\"\" class=\"wp-image-228\" srcset=\"https:\/\/przedszkoleclever.edu.pl\/wp-content\/uploads\/2024\/07\/Clever-Garden_1.1.1-1024x576.jpg 1024w, https:\/\/przedszkoleclever.edu.pl\/wp-content\/uploads\/2024\/07\/Clever-Garden_1.1.1-300x169.jpg 300w, https:\/\/przedszkoleclever.edu.pl\/wp-content\/uploads\/2024\/07\/Clever-Garden_1.1.1-768x432.jpg 768w, https:\/\/przedszkoleclever.edu.pl\/wp-content\/uploads\/2024\/07\/Clever-Garden_1.1.1-1536x864.jpg 1536w, https:\/\/przedszkoleclever.edu.pl\/wp-content\/uploads\/2024\/07\/Clever-Garden_1.1.1-800x450.jpg 800w, https:\/\/przedszkoleclever.edu.pl\/wp-content\/uploads\/2024\/07\/Clever-Garden_1.1.1.jpg 1920w\" sizes=\"auto, (max-width: 1024px) 100vw, 1024px\" \/><\/figure>\n\n\n\n<figure class=\"wp-block-image size-large\"><img loading=\"lazy\" decoding=\"async\" width=\"1024\" height=\"768\" data-id=\"150\" src=\"https:\/\/przedszkoleclever.edu.pl\/wp-content\/uploads\/2024\/04\/Przedszkole-03-1024x768.jpg\" alt=\"\" class=\"wp-image-150\" srcset=\"https:\/\/przedszkoleclever.edu.pl\/wp-content\/uploads\/2024\/04\/Przedszkole-03-1024x768.jpg 1024w, https:\/\/przedszkoleclever.edu.pl\/wp-content\/uploads\/2024\/04\/Przedszkole-03-300x225.jpg 300w, https:\/\/przedszkoleclever.edu.pl\/wp-content\/uploads\/2024\/04\/Przedszkole-03-768x576.jpg 768w, https:\/\/przedszkoleclever.edu.pl\/wp-content\/uploads\/2024\/04\/Przedszkole-03-1536x1152.jpg 1536w, https:\/\/przedszkoleclever.edu.pl\/wp-content\/uploads\/2024\/04\/Przedszkole-03.jpg 1600w\" sizes=\"auto, (max-width: 1024px) 100vw, 1024px\" \/><\/figure>\n\n\n\n<figure class=\"wp-block-image size-large\"><img loading=\"lazy\" decoding=\"async\" width=\"1024\" height=\"576\" data-id=\"231\" src=\"https:\/\/przedszkoleclever.edu.pl\/wp-content\/uploads\/2024\/07\/Clever-Garden_1.2.1-1024x576.jpg\" alt=\"\" class=\"wp-image-231\" srcset=\"https:\/\/przedszkoleclever.edu.pl\/wp-content\/uploads\/2024\/07\/Clever-Garden_1.2.1-1024x576.jpg 1024w, https:\/\/przedszkoleclever.edu.pl\/wp-content\/uploads\/2024\/07\/Clever-Garden_1.2.1-300x169.jpg 300w, https:\/\/przedszkoleclever.edu.pl\/wp-content\/uploads\/2024\/07\/Clever-Garden_1.2.1-768x432.jpg 768w, https:\/\/przedszkoleclever.edu.pl\/wp-content\/uploads\/2024\/07\/Clever-Garden_1.2.1-1536x864.jpg 1536w, https:\/\/przedszkoleclever.edu.pl\/wp-content\/uploads\/2024\/07\/Clever-Garden_1.2.1-800x450.jpg 800w, https:\/\/przedszkoleclever.edu.pl\/wp-content\/uploads\/2024\/07\/Clever-Garden_1.2.1.jpg 1920w\" sizes=\"auto, (max-width: 1024px) 100vw, 1024px\" \/><\/figure>\n\n\n\n<figure class=\"wp-block-image size-large\"><img loading=\"lazy\" decoding=\"async\" width=\"1024\" height=\"576\" data-id=\"230\" src=\"https:\/\/przedszkoleclever.edu.pl\/wp-content\/uploads\/2024\/07\/Clever-Garden_1.1.3-1024x576.jpg\" alt=\"\" class=\"wp-image-230\" srcset=\"https:\/\/przedszkoleclever.edu.pl\/wp-content\/uploads\/2024\/07\/Clever-Garden_1.1.3-1024x576.jpg 1024w, https:\/\/przedszkoleclever.edu.pl\/wp-content\/uploads\/2024\/07\/Clever-Garden_1.1.3-300x169.jpg 300w, https:\/\/przedszkoleclever.edu.pl\/wp-content\/uploads\/2024\/07\/Clever-Garden_1.1.3-768x432.jpg 768w, https:\/\/przedszkoleclever.edu.pl\/wp-content\/uploads\/2024\/07\/Clever-Garden_1.1.3-1536x864.jpg 1536w, https:\/\/przedszkoleclever.edu.pl\/wp-content\/uploads\/2024\/07\/Clever-Garden_1.1.3-800x450.jpg 800w, https:\/\/przedszkoleclever.edu.pl\/wp-content\/uploads\/2024\/07\/Clever-Garden_1.1.3.jpg 1920w\" sizes=\"auto, (max-width: 1024px) 100vw, 1024px\" \/><\/figure>\n\n\n\n<figure class=\"wp-block-image size-large\"><img loading=\"lazy\" decoding=\"async\" width=\"1024\" height=\"576\" data-id=\"229\" src=\"https:\/\/przedszkoleclever.edu.pl\/wp-content\/uploads\/2024\/07\/Clever-Garden_1.1.2-1024x576.jpg\" alt=\"\" class=\"wp-image-229\" srcset=\"https:\/\/przedszkoleclever.edu.pl\/wp-content\/uploads\/2024\/07\/Clever-Garden_1.1.2-1024x576.jpg 1024w, https:\/\/przedszkoleclever.edu.pl\/wp-content\/uploads\/2024\/07\/Clever-Garden_1.1.2-300x169.jpg 300w, https:\/\/przedszkoleclever.edu.pl\/wp-content\/uploads\/2024\/07\/Clever-Garden_1.1.2-768x432.jpg 768w, https:\/\/przedszkoleclever.edu.pl\/wp-content\/uploads\/2024\/07\/Clever-Garden_1.1.2-1536x864.jpg 1536w, https:\/\/przedszkoleclever.edu.pl\/wp-content\/uploads\/2024\/07\/Clever-Garden_1.1.2-800x450.jpg 800w, https:\/\/przedszkoleclever.edu.pl\/wp-content\/uploads\/2024\/07\/Clever-Garden_1.1.2.jpg 1920w\" sizes=\"auto, (max-width: 1024px) 100vw, 1024px\" \/><\/figure>\n<\/figure>\n","protected":false},"excerpt":{"rendered":"<p>Chcesz zapewni\u0107 swojemu dziecku bezpieczne warunki nauki w przedszkolu? Chcesz, by zosta\u0142o dobrze przygotowane do kontynuowania nauki w szkole podstawowej? NASZA PLAC\u00d3WKA SPE\u0141NI TWOJE OCZEKIWANIA OFERUJEMY DOBRE WARUNKI NAUKI: ZAPEWNIAMY SZEROK\u0104 OFERT\u0118 DYDAKTYCZN\u0104: PONADTO: Bli\u017cszych informacji na temat szko\u0142y oraz wysoko\u015bci czesnego udziela sekretariat: e-mail: sekretariat@szkolaclever.pl tel. 786 458 261 Jeste\u015bmy czynni CA\u0141Y rok (r\u00f3wnie\u017c [&hellip;]<\/p>\n","protected":false},"author":1,"featured_media":0,"parent":0,"menu_order":0,"comment_status":"closed","ping_status":"closed","template":"","meta":{"ub_ctt_via":"","ocean_post_layout":"","ocean_both_sidebars_style":"","ocean_both_sidebars_content_width":0,"ocean_both_sidebars_sidebars_width":0,"ocean_sidebar":"","ocean_second_sidebar":"","ocean_disable_margins":"enable","ocean_add_body_class":"","ocean_shortcode_before_top_bar":"","ocean_shortcode_after_top_bar":"","ocean_shortcode_before_header":"","ocean_shortcode_after_header":"","ocean_has_shortcode":"","ocean_shortcode_after_title":"","ocean_shortcode_before_footer_widgets":"","ocean_shortcode_after_footer_widgets":"","ocean_shortcode_before_footer_bottom":"","ocean_shortcode_after_footer_bottom":"","ocean_display_top_bar":"default","ocean_display_header":"default","ocean_header_style":"","ocean_center_header_left_menu":"","ocean_custom_header_template":"","ocean_custom_logo":0,"ocean_custom_retina_logo":0,"ocean_custom_logo_max_width":0,"ocean_custom_logo_tablet_max_width":0,"ocean_custom_logo_mobile_max_width":0,"ocean_custom_logo_max_height":0,"ocean_custom_logo_tablet_max_height":0,"ocean_custom_logo_mobile_max_height":0,"ocean_header_custom_menu":"","ocean_menu_typo_font_family":"","ocean_menu_typo_font_subset":"","ocean_menu_typo_font_size":0,"ocean_menu_typo_font_size_tablet":0,"ocean_menu_typo_font_size_mobile":0,"ocean_menu_typo_font_size_unit":"px","ocean_menu_typo_font_weight":"","ocean_menu_typo_font_weight_tablet":"","ocean_menu_typo_font_weight_mobile":"","ocean_menu_typo_transform":"","ocean_menu_typo_transform_tablet":"","ocean_menu_typo_transform_mobile":"","ocean_menu_typo_line_height":0,"ocean_menu_typo_line_height_tablet":0,"ocean_menu_typo_line_height_mobile":0,"ocean_menu_typo_line_height_unit":"","ocean_menu_typo_spacing":0,"ocean_menu_typo_spacing_tablet":0,"ocean_menu_typo_spacing_mobile":0,"ocean_menu_typo_spacing_unit":"","ocean_menu_link_color":"","ocean_menu_link_color_hover":"","ocean_menu_link_color_active":"","ocean_menu_link_background":"","ocean_menu_link_hover_background":"","ocean_menu_link_active_background":"","ocean_menu_social_links_bg":"","ocean_menu_social_hover_links_bg":"","ocean_menu_social_links_color":"","ocean_menu_social_hover_links_color":"","ocean_disable_title":"default","ocean_disable_heading":"default","ocean_post_title":"","ocean_post_subheading":"","ocean_post_title_style":"","ocean_post_title_background_color":"","ocean_post_title_background":0,"ocean_post_title_bg_image_position":"","ocean_post_title_bg_image_attachment":"","ocean_post_title_bg_image_repeat":"","ocean_post_title_bg_image_size":"","ocean_post_title_height":0,"ocean_post_title_bg_overlay":0.5,"ocean_post_title_bg_overlay_color":"","ocean_disable_breadcrumbs":"default","ocean_breadcrumbs_color":"","ocean_breadcrumbs_separator_color":"","ocean_breadcrumbs_links_color":"","ocean_breadcrumbs_links_hover_color":"","ocean_display_footer_widgets":"default","ocean_display_footer_bottom":"default","ocean_custom_footer_template":"","footnotes":""},"class_list":["post-48","page","type-page","status-publish","hentry","entry"],"featured_image_src":null,"_links":{"self":[{"href":"https:\/\/przedszkoleclever.edu.pl\/index.php?rest_route=\/wp\/v2\/pages\/48","targetHints":{"allow":["GET"]}}],"collection":[{"href":"https:\/\/przedszkoleclever.edu.pl\/index.php?rest_route=\/wp\/v2\/pages"}],"about":[{"href":"https:\/\/przedszkoleclever.edu.pl\/index.php?rest_route=\/wp\/v2\/types\/page"}],"author":[{"embeddable":true,"href":"https:\/\/przedszkoleclever.edu.pl\/index.php?rest_route=\/wp\/v2\/users\/1"}],"replies":[{"embeddable":true,"href":"https:\/\/przedszkoleclever.edu.pl\/index.php?rest_route=%2Fwp%2Fv2%2Fcomments&post=48"}],"version-history":[{"count":24,"href":"https:\/\/przedszkoleclever.edu.pl\/index.php?rest_route=\/wp\/v2\/pages\/48\/revisions"}],"predecessor-version":[{"id":275,"href":"https:\/\/przedszkoleclever.edu.pl\/index.php?rest_route=\/wp\/v2\/pages\/48\/revisions\/275"}],"wp:attachment":[{"href":"https:\/\/przedszkoleclever.edu.pl\/index.php?rest_route=%2Fwp%2Fv2%2Fmedia&parent=48"}],"curies":[{"name":"wp","href":"https:\/\/api.w.org\/{rel}","templated":true}]}}