{"id":35,"date":"2023-10-24T13:35:19","date_gmt":"2023-10-24T11:35:19","guid":{"rendered":"http:\/\/przedszkoleclever.edu.pl\/?page_id=35"},"modified":"2025-01-08T10:30:21","modified_gmt":"2025-01-08T09:30:21","slug":"strona-glowna","status":"publish","type":"page","link":"https:\/\/przedszkoleclever.edu.pl\/","title":{"rendered":"Strona G\u0142\u00f3wna"},"content":{"rendered":"\n<figure class=\"wp-block-image alignfull size-full\"><img loading=\"lazy\" decoding=\"async\" width=\"1600\" height=\"833\" src=\"https:\/\/przedszkoleclever.edu.pl\/wp-content\/uploads\/2024\/04\/Przedszkole-Clever-BUDYNEK-1.jpg\" alt=\"\" class=\"wp-image-95\" srcset=\"https:\/\/przedszkoleclever.edu.pl\/wp-content\/uploads\/2024\/04\/Przedszkole-Clever-BUDYNEK-1.jpg 1600w, https:\/\/przedszkoleclever.edu.pl\/wp-content\/uploads\/2024\/04\/Przedszkole-Clever-BUDYNEK-1-300x156.jpg 300w, https:\/\/przedszkoleclever.edu.pl\/wp-content\/uploads\/2024\/04\/Przedszkole-Clever-BUDYNEK-1-1024x533.jpg 1024w, https:\/\/przedszkoleclever.edu.pl\/wp-content\/uploads\/2024\/04\/Przedszkole-Clever-BUDYNEK-1-768x400.jpg 768w, https:\/\/przedszkoleclever.edu.pl\/wp-content\/uploads\/2024\/04\/Przedszkole-Clever-BUDYNEK-1-1536x800.jpg 1536w\" sizes=\"auto, (max-width: 1600px) 100vw, 1600px\" \/><\/figure>\n\n\n\n<div style=\"height:100px\" aria-hidden=\"true\" class=\"wp-block-spacer\"><\/div>\n\n\n\n<figure class=\"wp-block-embed alignwide is-type-video is-provider-youtube wp-block-embed-youtube wp-embed-aspect-16-9 wp-has-aspect-ratio\"><div class=\"wp-block-embed__wrapper\">\n<p class=\"responsive-video-wrap clr\"><iframe loading=\"lazy\" title=\"Przedszkole Clever Garden\" width=\"1200\" height=\"675\" src=\"https:\/\/www.youtube.com\/embed\/-_lNBkDxrt0?feature=oembed\" frameborder=\"0\" allow=\"accelerometer; autoplay; clipboard-write; encrypted-media; gyroscope; picture-in-picture; web-share\" referrerpolicy=\"strict-origin-when-cross-origin\" allowfullscreen><\/iframe><\/p>\n<\/div><\/figure>\n\n\n\n<div style=\"height:100px\" aria-hidden=\"true\" class=\"wp-block-spacer\"><\/div>\n\n\n\n<div class=\"wp-block-columns alignwide is-layout-flex wp-container-core-columns-is-layout-9d6595d7 wp-block-columns-is-layout-flex\">\n<div class=\"wp-block-column is-layout-flow wp-block-column-is-layout-flow\">\n<div style=\"height:44px\" aria-hidden=\"true\" class=\"wp-block-spacer\"><\/div>\n\n\n\n<p class=\"has-text-align-center has-vivid-green-cyan-color has-text-color has-link-color has-medium-font-size wp-elements-8e681a4ec92ffa4224840d23e5f6b3f5\">NASZE PRZEDSZKOLE SPE\u0141NI TWOJE OCZEKIWANIA<\/p>\n\n\n\n<h1 class=\"wp-block-heading has-text-align-center has-vivid-cyan-blue-color has-text-color has-link-color has-x-large-font-size wp-elements-73cb7b29442f4c55461852c89c219d6a\"><strong>Przedszkole<br>&#8222;CLEVER GARDEN&#8221;<\/strong><\/h1>\n\n\n\n<p class=\"has-text-align-center has-vivid-red-color has-text-color has-link-color has-medium-font-size wp-elements-1e5118d5abb2f51f69506e48a4541493\">Zapewniamy komfortowe warunki<br>zabawy i nauki<\/p>\n<\/div>\n\n\n\n<div class=\"wp-block-column is-layout-flow wp-block-column-is-layout-flow\"><div class=\"wp-block-image is-style-rounded\">\n<figure class=\"aligncenter size-full is-resized\"><img loading=\"lazy\" decoding=\"async\" width=\"666\" height=\"772\" src=\"https:\/\/przedszkoleclever.edu.pl\/wp-content\/uploads\/2024\/04\/foto1-rotator.jpg\" alt=\"\" class=\"wp-image-94\" style=\"aspect-ratio:1.0906862745098038;object-fit:cover;width:447px;height:auto\" srcset=\"https:\/\/przedszkoleclever.edu.pl\/wp-content\/uploads\/2024\/04\/foto1-rotator.jpg 666w, https:\/\/przedszkoleclever.edu.pl\/wp-content\/uploads\/2024\/04\/foto1-rotator-259x300.jpg 259w\" sizes=\"auto, (max-width: 666px) 100vw, 666px\" \/><\/figure>\n<\/div><\/div>\n<\/div>\n\n\n\n<figure class=\"wp-block-image alignwide size-large\"><img loading=\"lazy\" decoding=\"async\" width=\"1024\" height=\"576\" src=\"https:\/\/przedszkoleclever.edu.pl\/wp-content\/uploads\/2024\/07\/Clever-Garden_1.1.2-1024x576.jpg\" alt=\"\" class=\"wp-image-229\" srcset=\"https:\/\/przedszkoleclever.edu.pl\/wp-content\/uploads\/2024\/07\/Clever-Garden_1.1.2-1024x576.jpg 1024w, https:\/\/przedszkoleclever.edu.pl\/wp-content\/uploads\/2024\/07\/Clever-Garden_1.1.2-300x169.jpg 300w, https:\/\/przedszkoleclever.edu.pl\/wp-content\/uploads\/2024\/07\/Clever-Garden_1.1.2-768x432.jpg 768w, https:\/\/przedszkoleclever.edu.pl\/wp-content\/uploads\/2024\/07\/Clever-Garden_1.1.2-1536x864.jpg 1536w, https:\/\/przedszkoleclever.edu.pl\/wp-content\/uploads\/2024\/07\/Clever-Garden_1.1.2-800x450.jpg 800w, https:\/\/przedszkoleclever.edu.pl\/wp-content\/uploads\/2024\/07\/Clever-Garden_1.1.2.jpg 1920w\" sizes=\"auto, (max-width: 1024px) 100vw, 1024px\" \/><\/figure>\n\n\n\n<div style=\"height:39px\" aria-hidden=\"true\" class=\"wp-block-spacer\"><\/div>\n\n\n\n<div class=\"wp-block-columns are-vertically-aligned-bottom is-layout-flex wp-container-core-columns-is-layout-9d6595d7 wp-block-columns-is-layout-flex\">\n<div class=\"wp-block-column is-vertically-aligned-bottom is-layout-flow wp-block-column-is-layout-flow\">\n<figure class=\"wp-block-image size-full is-resized\"><img loading=\"lazy\" decoding=\"async\" width=\"952\" height=\"559\" src=\"https:\/\/przedszkoleclever.edu.pl\/wp-content\/uploads\/2024\/04\/top-bg-1.jpg\" alt=\"\" class=\"wp-image-131\" style=\"width:422px;height:auto\" srcset=\"https:\/\/przedszkoleclever.edu.pl\/wp-content\/uploads\/2024\/04\/top-bg-1.jpg 952w, https:\/\/przedszkoleclever.edu.pl\/wp-content\/uploads\/2024\/04\/top-bg-1-300x176.jpg 300w, https:\/\/przedszkoleclever.edu.pl\/wp-content\/uploads\/2024\/04\/top-bg-1-768x451.jpg 768w\" sizes=\"auto, (max-width: 952px) 100vw, 952px\" \/><\/figure>\n<\/div>\n\n\n\n<div class=\"wp-block-column is-vertically-aligned-bottom is-layout-flow wp-block-column-is-layout-flow\">\n<h1 class=\"wp-block-heading has-text-align-left\">Dobry start<br>to sukces na mecie<\/h1>\n\n\n\n<p><strong>Chcesz zapewni\u0107 swojemu dziecku bezpieczne warunki w przedszkolu?<\/strong><br><strong>Chcesz, by zosta\u0142o dobrze przygotowane do podj\u0119cia nauki<\/strong><br><strong>w szkole podstawowej?<\/strong><\/p>\n\n\n\n<h1 class=\"wp-block-heading\">Oferujemy:<\/h1>\n\n\n\n<ul class=\"wp-block-list\">\n<li>wysoki poziom przygotowania dziecka do podj\u0119cia nauki w szkole,<\/li>\n\n\n\n<li>nauk\u0119 poprzez zabaw\u0119 dw\u00f3ch j\u0119zyk\u00f3w obcych: angielskiego i niemieckiego \u2013 2 razy w tygodniu ka\u017cdy,<\/li>\n\n\n\n<li>zaj\u0119cia taneczne i zaj\u0119cia og\u00f3lnorozwojowe z wykorzystaniem<br>m.in. kinezjologii edukacyjnej, metod ruchu rozwijaj\u0105cego Weroniki Sherborne,<\/li>\n\n\n\n<li>wspomaganie rozwoju spo\u0142ecznego i emocjonalnego dziecka, aby mog\u0142o podj\u0105\u0107<br>z sukcesem nauk\u0119 w klasie I,<\/li>\n\n\n\n<li>wspieranie rozwoju uzdolnie\u0144 od najwcze\u015bniejszych etap\u00f3w kszta\u0142cenia.<\/li>\n<\/ul>\n<\/div>\n<\/div>\n\n\n\n<figure class=\"wp-block-image alignfull size-full\"><img loading=\"lazy\" decoding=\"async\" width=\"1688\" height=\"157\" src=\"https:\/\/przedszkoleclever.edu.pl\/wp-content\/uploads\/2024\/04\/Screen-ze-Strony-Przedszkola-edited.jpg\" alt=\"\" class=\"wp-image-113\" srcset=\"https:\/\/przedszkoleclever.edu.pl\/wp-content\/uploads\/2024\/04\/Screen-ze-Strony-Przedszkola-edited.jpg 1688w, https:\/\/przedszkoleclever.edu.pl\/wp-content\/uploads\/2024\/04\/Screen-ze-Strony-Przedszkola-edited-300x28.jpg 300w, https:\/\/przedszkoleclever.edu.pl\/wp-content\/uploads\/2024\/04\/Screen-ze-Strony-Przedszkola-edited-1024x95.jpg 1024w, https:\/\/przedszkoleclever.edu.pl\/wp-content\/uploads\/2024\/04\/Screen-ze-Strony-Przedszkola-edited-768x71.jpg 768w, https:\/\/przedszkoleclever.edu.pl\/wp-content\/uploads\/2024\/04\/Screen-ze-Strony-Przedszkola-edited-1536x143.jpg 1536w\" sizes=\"auto, (max-width: 1688px) 100vw, 1688px\" \/><\/figure>\n\n\n\n<div style=\"height:104px\" aria-hidden=\"true\" class=\"wp-block-spacer\"><\/div>\n\n\n\n<div class=\"wp-block-columns is-layout-flex wp-container-core-columns-is-layout-9d6595d7 wp-block-columns-is-layout-flex\">\n<div class=\"wp-block-column is-layout-flow wp-block-column-is-layout-flow\">\n<figure class=\"wp-block-image size-full is-resized\"><img loading=\"lazy\" decoding=\"async\" width=\"348\" height=\"282\" src=\"https:\/\/przedszkoleclever.edu.pl\/wp-content\/uploads\/2024\/04\/gwarantujemy_img.jpg\" alt=\"\" class=\"wp-image-115\" style=\"width:392px;height:auto\" srcset=\"https:\/\/przedszkoleclever.edu.pl\/wp-content\/uploads\/2024\/04\/gwarantujemy_img.jpg 348w, https:\/\/przedszkoleclever.edu.pl\/wp-content\/uploads\/2024\/04\/gwarantujemy_img-300x243.jpg 300w\" sizes=\"auto, (max-width: 348px) 100vw, 348px\" \/><\/figure>\n<\/div>\n\n\n\n<div class=\"wp-block-column is-layout-flow wp-block-column-is-layout-flow\">\n<h1 class=\"wp-block-heading\" style=\"font-size:47px\">Gwarantujemy:<\/h1>\n\n\n\n<ul style=\"font-size:49px\" class=\"wp-block-list\">\n<li style=\"font-size:16px\"><strong>kameralne wn\u0119trza<\/strong>&nbsp;(w tym kuchnia dla przedszkolak\u00f3w)<br>i nowoczesne pomoce dydaktyczne,<\/li>\n\n\n\n<li style=\"font-size:16px\"><strong>pomoc psychologiczn\u0105 i logopedyczn\u0105,<\/strong><\/li>\n\n\n\n<li style=\"font-size:16px\"><strong>opiek\u0119 do 16.30<\/strong>,<\/li>\n\n\n\n<li style=\"font-size:16px\">organizacj\u0119 uroczysto\u015bci i imprez przedszkolnych.<\/li>\n<\/ul>\n<\/div>\n<\/div>\n","protected":false},"excerpt":{"rendered":"<p>NASZE PRZEDSZKOLE SPE\u0141NI TWOJE OCZEKIWANIA Przedszkole&#8222;CLEVER GARDEN&#8221; Zapewniamy komfortowe warunkizabawy i nauki Dobry startto sukces na mecie Chcesz zapewni\u0107 swojemu dziecku bezpieczne warunki w przedszkolu?Chcesz, by zosta\u0142o dobrze przygotowane do podj\u0119cia naukiw szkole podstawowej? Oferujemy: Gwarantujemy:<\/p>\n","protected":false},"author":1,"featured_media":0,"parent":0,"menu_order":0,"comment_status":"closed","ping_status":"closed","template":"","meta":{"ub_ctt_via":"","ocean_post_layout":"","ocean_both_sidebars_style":"","ocean_both_sidebars_content_width":0,"ocean_both_sidebars_sidebars_width":0,"ocean_sidebar":"","ocean_second_sidebar":"","ocean_disable_margins":"enable","ocean_add_body_class":"","ocean_shortcode_before_top_bar":"","ocean_shortcode_after_top_bar":"","ocean_shortcode_before_header":"","ocean_shortcode_after_header":"","ocean_has_shortcode":"","ocean_shortcode_after_title":"","ocean_shortcode_before_footer_widgets":"","ocean_shortcode_after_footer_widgets":"","ocean_shortcode_before_footer_bottom":"","ocean_shortcode_after_footer_bottom":"","ocean_display_top_bar":"default","ocean_display_header":"default","ocean_header_style":"","ocean_center_header_left_menu":"","ocean_custom_header_template":"","ocean_custom_logo":0,"ocean_custom_retina_logo":0,"ocean_custom_logo_max_width":0,"ocean_custom_logo_tablet_max_width":0,"ocean_custom_logo_mobile_max_width":0,"ocean_custom_logo_max_height":0,"ocean_custom_logo_tablet_max_height":0,"ocean_custom_logo_mobile_max_height":0,"ocean_header_custom_menu":"","ocean_menu_typo_font_family":"","ocean_menu_typo_font_subset":"","ocean_menu_typo_font_size":0,"ocean_menu_typo_font_size_tablet":0,"ocean_menu_typo_font_size_mobile":0,"ocean_menu_typo_font_size_unit":"px","ocean_menu_typo_font_weight":"","ocean_menu_typo_font_weight_tablet":"","ocean_menu_typo_font_weight_mobile":"","ocean_menu_typo_transform":"","ocean_menu_typo_transform_tablet":"","ocean_menu_typo_transform_mobile":"","ocean_menu_typo_line_height":0,"ocean_menu_typo_line_height_tablet":0,"ocean_menu_typo_line_height_mobile":0,"ocean_menu_typo_line_height_unit":"","ocean_menu_typo_spacing":0,"ocean_menu_typo_spacing_tablet":0,"ocean_menu_typo_spacing_mobile":0,"ocean_menu_typo_spacing_unit":"","ocean_menu_link_color":"","ocean_menu_link_color_hover":"","ocean_menu_link_color_active":"","ocean_menu_link_background":"","ocean_menu_link_hover_background":"","ocean_menu_link_active_background":"","ocean_menu_social_links_bg":"","ocean_menu_social_hover_links_bg":"","ocean_menu_social_links_color":"","ocean_menu_social_hover_links_color":"","ocean_disable_title":"default","ocean_disable_heading":"default","ocean_post_title":"","ocean_post_subheading":"","ocean_post_title_style":"","ocean_post_title_background_color":"","ocean_post_title_background":0,"ocean_post_title_bg_image_position":"","ocean_post_title_bg_image_attachment":"","ocean_post_title_bg_image_repeat":"","ocean_post_title_bg_image_size":"","ocean_post_title_height":0,"ocean_post_title_bg_overlay":0.5,"ocean_post_title_bg_overlay_color":"","ocean_disable_breadcrumbs":"default","ocean_breadcrumbs_color":"","ocean_breadcrumbs_separator_color":"","ocean_breadcrumbs_links_color":"","ocean_breadcrumbs_links_hover_color":"","ocean_display_footer_widgets":"default","ocean_display_footer_bottom":"default","ocean_custom_footer_template":"","footnotes":""},"class_list":["post-35","page","type-page","status-publish","hentry","entry"],"featured_image_src":null,"_links":{"self":[{"href":"https:\/\/przedszkoleclever.edu.pl\/index.php?rest_route=\/wp\/v2\/pages\/35","targetHints":{"allow":["GET"]}}],"collection":[{"href":"https:\/\/przedszkoleclever.edu.pl\/index.php?rest_route=\/wp\/v2\/pages"}],"about":[{"href":"https:\/\/przedszkoleclever.edu.pl\/index.php?rest_route=\/wp\/v2\/types\/page"}],"author":[{"embeddable":true,"href":"https:\/\/przedszkoleclever.edu.pl\/index.php?rest_route=\/wp\/v2\/users\/1"}],"replies":[{"embeddable":true,"href":"https:\/\/przedszkoleclever.edu.pl\/index.php?rest_route=%2Fwp%2Fv2%2Fcomments&post=35"}],"version-history":[{"count":46,"href":"https:\/\/przedszkoleclever.edu.pl\/index.php?rest_route=\/wp\/v2\/pages\/35\/revisions"}],"predecessor-version":[{"id":310,"href":"https:\/\/przedszkoleclever.edu.pl\/index.php?rest_route=\/wp\/v2\/pages\/35\/revisions\/310"}],"wp:attachment":[{"href":"https:\/\/przedszkoleclever.edu.pl\/index.php?rest_route=%2Fwp%2Fv2%2Fmedia&parent=35"}],"curies":[{"name":"wp","href":"https:\/\/api.w.org\/{rel}","templated":true}]}}